{"id":2512,"date":"2022-05-19T16:30:53","date_gmt":"2022-05-19T14:30:53","guid":{"rendered":"https:\/\/www.panmari.si\/prijava\/"},"modified":"2022-05-19T16:30:53","modified_gmt":"2022-05-19T14:30:53","slug":"prijava","status":"publish","type":"page","link":"https:\/\/www.panmari.si\/hr\/prijava\/","title":{"rendered":"Prijava"},"content":{"rendered":"","protected":false},"excerpt":{"rendered":"","protected":false},"author":1,"featured_media":0,"parent":0,"menu_order":9,"comment_status":"closed","ping_status":"open","template":"","meta":[],"yoast_head":"<!-- This site is optimized with the Yoast SEO plugin v17.3 - https:\/\/yoast.com\/wordpress\/plugins\/seo\/ -->\n<title>Prijava - Panmari<\/title>\n<meta name=\"robots\" content=\"index, follow, max-snippet:-1, max-image-preview:large, max-video-preview:-1\" \/>\n<link rel=\"canonical\" href=\"https:\/\/www.panmari.si\/hr\/prijava\/\" \/>\n<meta property=\"og:locale\" content=\"hr_HR\" \/>\n<meta property=\"og:type\" content=\"article\" \/>\n<meta property=\"og:title\" content=\"Prijava - Panmari\" \/>\n<meta property=\"og:url\" content=\"https:\/\/www.panmari.si\/hr\/prijava\/\" \/>\n<meta property=\"og:site_name\" content=\"Panmari\" \/>\n<meta name=\"twitter:card\" content=\"summary_large_image\" \/>\n<script type=\"application\/ld+json\" class=\"yoast-schema-graph\">{\"@context\":\"https:\/\/schema.org\",\"@graph\":[{\"@type\":\"WebSite\",\"@id\":\"https:\/\/www.panmari.si\/#website\",\"url\":\"https:\/\/www.panmari.si\/\",\"name\":\"Panmari\",\"description\":\"\\u0160e eno spleti\\u0161\\u010de WordPress\",\"potentialAction\":[{\"@type\":\"SearchAction\",\"target\":{\"@type\":\"EntryPoint\",\"urlTemplate\":\"https:\/\/www.panmari.si\/?s={search_term_string}\"},\"query-input\":\"required name=search_term_string\"}],\"inLanguage\":\"hr\"},{\"@type\":\"WebPage\",\"@id\":\"https:\/\/www.panmari.si\/hr\/prijava\/#webpage\",\"url\":\"https:\/\/www.panmari.si\/hr\/prijava\/\",\"name\":\"Prijava - Panmari\",\"isPartOf\":{\"@id\":\"https:\/\/www.panmari.si\/#website\"},\"datePublished\":\"2022-05-19T14:30:53+00:00\",\"dateModified\":\"2022-05-19T14:30:53+00:00\",\"breadcrumb\":{\"@id\":\"https:\/\/www.panmari.si\/hr\/prijava\/#breadcrumb\"},\"inLanguage\":\"hr\",\"potentialAction\":[{\"@type\":\"ReadAction\",\"target\":[\"https:\/\/www.panmari.si\/hr\/prijava\/\"]}]},{\"@type\":\"BreadcrumbList\",\"@id\":\"https:\/\/www.panmari.si\/hr\/prijava\/#breadcrumb\",\"itemListElement\":[{\"@type\":\"ListItem\",\"position\":1,\"name\":\"Po\\u010detna stranica\",\"item\":\"https:\/\/www.panmari.si\/hr\/\"},{\"@type\":\"ListItem\",\"position\":2,\"name\":\"Prijava\"}]}]}<\/script>\n<!-- \/ Yoast SEO plugin. -->","yoast_head_json":{"title":"Prijava - Panmari","robots":{"index":"index","follow":"follow","max-snippet":"max-snippet:-1","max-image-preview":"max-image-preview:large","max-video-preview":"max-video-preview:-1"},"canonical":"https:\/\/www.panmari.si\/hr\/prijava\/","og_locale":"hr_HR","og_type":"article","og_title":"Prijava - Panmari","og_url":"https:\/\/www.panmari.si\/hr\/prijava\/","og_site_name":"Panmari","twitter_card":"summary_large_image","schema":{"@context":"https:\/\/schema.org","@graph":[{"@type":"WebSite","@id":"https:\/\/www.panmari.si\/#website","url":"https:\/\/www.panmari.si\/","name":"Panmari","description":"\u0160e eno spleti\u0161\u010de WordPress","potentialAction":[{"@type":"SearchAction","target":{"@type":"EntryPoint","urlTemplate":"https:\/\/www.panmari.si\/?s={search_term_string}"},"query-input":"required name=search_term_string"}],"inLanguage":"hr"},{"@type":"WebPage","@id":"https:\/\/www.panmari.si\/hr\/prijava\/#webpage","url":"https:\/\/www.panmari.si\/hr\/prijava\/","name":"Prijava - Panmari","isPartOf":{"@id":"https:\/\/www.panmari.si\/#website"},"datePublished":"2022-05-19T14:30:53+00:00","dateModified":"2022-05-19T14:30:53+00:00","breadcrumb":{"@id":"https:\/\/www.panmari.si\/hr\/prijava\/#breadcrumb"},"inLanguage":"hr","potentialAction":[{"@type":"ReadAction","target":["https:\/\/www.panmari.si\/hr\/prijava\/"]}]},{"@type":"BreadcrumbList","@id":"https:\/\/www.panmari.si\/hr\/prijava\/#breadcrumb","itemListElement":[{"@type":"ListItem","position":1,"name":"Po\u010detna stranica","item":"https:\/\/www.panmari.si\/hr\/"},{"@type":"ListItem","position":2,"name":"Prijava"}]}]}},"_links":{"self":[{"href":"https:\/\/www.panmari.si\/hr\/wp-json\/wp\/v2\/pages\/2512"}],"collection":[{"href":"https:\/\/www.panmari.si\/hr\/wp-json\/wp\/v2\/pages"}],"about":[{"href":"https:\/\/www.panmari.si\/hr\/wp-json\/wp\/v2\/types\/page"}],"author":[{"embeddable":true,"href":"https:\/\/www.panmari.si\/hr\/wp-json\/wp\/v2\/users\/1"}],"replies":[{"embeddable":true,"href":"https:\/\/www.panmari.si\/hr\/wp-json\/wp\/v2\/comments?post=2512"}],"version-history":[{"count":0,"href":"https:\/\/www.panmari.si\/hr\/wp-json\/wp\/v2\/pages\/2512\/revisions"}],"wp:attachment":[{"href":"https:\/\/www.panmari.si\/hr\/wp-json\/wp\/v2\/media?parent=2512"}],"curies":[{"name":"wp","href":"https:\/\/api.w.org\/{rel}","templated":true}]}}